{"id":398,"date":"2020-01-19T22:41:05","date_gmt":"2020-01-20T03:41:05","guid":{"rendered":"https:\/\/montieri.co\/?page_id=398"},"modified":"2020-01-26T21:17:46","modified_gmt":"2020-01-27T02:17:46","slug":"evaluacion-de-proyectos-de-inversion","status":"publish","type":"page","link":"https:\/\/montieri.co\/index.php\/evaluacion-de-proyectos-de-inversion\/","title":{"rendered":"Evaluaci\u00f3n de Proyectos de Inversi\u00f3n"},"content":{"rendered":"\n<p>MONTIERI S.A.S., a partir de un conjunto de par\u00e1metros y variables estructuradas, busca apoyar a empresarios, contratistas, entidades p\u00fablicas, y profesionales del sector en la toma de decisiones.<\/p>\n\n\n\n<p>Para ello, nos valemos de la experiencia de un grupo de profesionales, quienes con base en las ideas de nuestros Clientes, realizar\u00e1n un estudio de mercado, an\u00e1lisis t\u00e9cnico del proyecto y proceso de venta, par\u00e1metros econ\u00f3micos &#8211; financieros y por \u00faltimo, el an\u00e1lisis de los resultados y expectativas. Lo anterior, permite a los Clientes definir si la inversi\u00f3n es adecuada, requiere alguna modificaci\u00f3n o por el contrario, deber\u00e1 posponerse.<\/p>\n\n\n\n<div class=\"wp-block-image\"><figure class=\"aligncenter size-large\"><img loading=\"lazy\" width=\"720\" height=\"480\" src=\"https:\/\/montieri.co\/wp-content\/uploads\/2020\/01\/image-15.png\" alt=\"\" class=\"wp-image-515\" srcset=\"https:\/\/montieri.co\/wp-content\/uploads\/2020\/01\/image-15.png 720w, https:\/\/montieri.co\/wp-content\/uploads\/2020\/01\/image-15-300x200.png 300w\" sizes=\"(max-width: 720px) 100vw, 720px\" \/><\/figure><\/div>\n\n\n\n<p>Contamos con experiencia en Evaluaci\u00f3n de Proyectos de Inversi\u00f3n para el sector inmobiliario y maquinaria de construcci\u00f3n.<\/p>\n\n\n\n<div style=\"height:20px\" aria-hidden=\"true\" class=\"wp-block-spacer\"><\/div>\n\n\n\n<p style=\"font-size:25px\"> <strong>\u00bfTiene dudas, comentarios o prefiere que un profesional se ponga en contacto con usted?<\/strong>  <\/p>\n\n\n\n<p>Por favor ingrese la informaci\u00f3n a continuaci\u00f3n, y en el menor tiempo posible ser\u00e1 contactado por un miembro de nuestra compa\u00f1\u00eda. <\/p>\n\n\n<div class=\"wpforms-container wpforms-container-full\" id=\"wpforms-378\"><form id=\"wpforms-form-378\" class=\"wpforms-validate wpforms-form\" data-formid=\"378\" method=\"post\" enctype=\"multipart\/form-data\" action=\"\/index.php\/wp-json\/wp\/v2\/pages\/398\" data-token=\"7b4fa51533710da973f0ce07ad163d54\"><noscript class=\"wpforms-error-noscript\">Por favor, activa JavaScript en tu navegador para completar este formulario.<\/noscript><div class=\"wpforms-field-container\"><div id=\"wpforms-378-field_1-container\" class=\"wpforms-field wpforms-field-name\" data-field-id=\"1\"><label class=\"wpforms-field-label\" for=\"wpforms-378-field_1\">Nombre <span class=\"wpforms-required-label\">*<\/span><\/label><input type=\"text\" id=\"wpforms-378-field_1\" class=\"wpforms-field-medium wpforms-field-required\" name=\"wpforms[fields][1]\" required><\/div><div id=\"wpforms-378-field_2-container\" class=\"wpforms-field wpforms-field-email\" data-field-id=\"2\"><label class=\"wpforms-field-label\" for=\"wpforms-378-field_2\">Email <span class=\"wpforms-required-label\">*<\/span><\/label><input type=\"email\" id=\"wpforms-378-field_2\" class=\"wpforms-field-medium wpforms-field-required\" name=\"wpforms[fields][2]\" required><\/div><div id=\"wpforms-378-field_6-container\" class=\"wpforms-field wpforms-field-number\" data-field-id=\"6\"><label class=\"wpforms-field-label\" for=\"wpforms-378-field_6\">N\u00famero de Contacto <span class=\"wpforms-required-label\">*<\/span><\/label><input type=\"number\" pattern=\"\\d*\" id=\"wpforms-378-field_6\" class=\"wpforms-field-small wpforms-field-required\" name=\"wpforms[fields][6]\" required><div class=\"wpforms-field-description\">Describa su n\u00famero de tel\u00e9fono celular o fijo<\/div><\/div><div id=\"wpforms-378-field_4-container\" class=\"wpforms-field wpforms-field-textarea\" data-field-id=\"4\"><label class=\"wpforms-field-label\" for=\"wpforms-378-field_4\">Comentarios <span class=\"wpforms-required-label\">*<\/span><\/label><textarea id=\"wpforms-378-field_4\" class=\"wpforms-field-medium wpforms-field-required\" name=\"wpforms[fields][4]\" required><\/textarea><\/div><\/div><div class=\"wpforms-field wpforms-field-hp\"><label for=\"wpforms-378-field-hp\" class=\"wpforms-field-label\">Message<\/label><input type=\"text\" name=\"wpforms[hp]\" id=\"wpforms-378-field-hp\" class=\"wpforms-field-medium\"><\/div><div class=\"wpforms-recaptcha-container wpforms-is-recaptcha\" ><div class=\"g-recaptcha\" data-sitekey=\"6Les1NAUAAAAABOrqNMBc-_o3I7HZXYN21EkjRYM\" data-size=\"invisible\"><\/div><\/div><div class=\"wpforms-submit-container\" ><input type=\"hidden\" name=\"wpforms[id]\" value=\"378\"><input type=\"hidden\" name=\"wpforms[author]\" value=\"1\"><button type=\"submit\" name=\"wpforms[submit]\" class=\"wpforms-submit \" id=\"wpforms-submit-378\" value=\"wpforms-submit\" aria-live=\"assertive\" data-alt-text=\"Enviado...\" data-submit-text=\"Enviar\">Enviar<\/button><\/div><\/form><\/div>  <!-- .wpforms-container -->\n\n<div class=\"custombtn\" style=\"text-align:center\">\t\r\n\t   <a class=\"morebutton\" href=\"https:\/\/montieri.co\/index.php\/servicios\/\" target\"\">Ver m\u00e1s servicios<\/a>\t   \t   \r\n\t<\/div>\n","protected":false},"excerpt":{"rendered":"<p>MONTIERI S.A.S., a partir de un conjunto de par\u00e1metros y variables estructuradas, busca apoyar a empresarios, contratistas, entidades p\u00fablicas, y profesionales del sector en la toma de decisiones. Para ello, nos valemos de la experiencia de un grupo de profesionales, quienes con base en las ideas de nuestros Clientes, realizar\u00e1n un estudio de mercado, an\u00e1lisis t\u00e9cnico del proyecto y proceso de venta, par\u00e1metros econ\u00f3micos &#8211; financieros y por \u00faltimo, el an\u00e1lisis de los resultados y expectativas. Lo anterior, permite a los Clientes definir si la inversi\u00f3n es adecuada, requiere alguna modificaci\u00f3n o por el contrario, deber\u00e1 posponerse. Contamos con experiencia&#8230; <\/p>\n","protected":false},"author":1,"featured_media":0,"parent":0,"menu_order":0,"comment_status":"closed","ping_status":"closed","template":"template-no-sidebar.php","meta":[],"_links":{"self":[{"href":"https:\/\/montieri.co\/index.php\/wp-json\/wp\/v2\/pages\/398"}],"collection":[{"href":"https:\/\/montieri.co\/index.php\/wp-json\/wp\/v2\/pages"}],"about":[{"href":"https:\/\/montieri.co\/index.php\/wp-json\/wp\/v2\/types\/page"}],"author":[{"embeddable":true,"href":"https:\/\/montieri.co\/index.php\/wp-json\/wp\/v2\/users\/1"}],"replies":[{"embeddable":true,"href":"https:\/\/montieri.co\/index.php\/wp-json\/wp\/v2\/comments?post=398"}],"version-history":[{"count":5,"href":"https:\/\/montieri.co\/index.php\/wp-json\/wp\/v2\/pages\/398\/revisions"}],"predecessor-version":[{"id":520,"href":"https:\/\/montieri.co\/index.php\/wp-json\/wp\/v2\/pages\/398\/revisions\/520"}],"wp:attachment":[{"href":"https:\/\/montieri.co\/index.php\/wp-json\/wp\/v2\/media?parent=398"}],"curies":[{"name":"wp","href":"https:\/\/api.w.org\/{rel}","templated":true}]}}