{"id":41,"date":"2020-01-15T03:08:16","date_gmt":"2020-01-15T03:08:16","guid":{"rendered":"https:\/\/montieri.co\/?page_id=41"},"modified":"2020-02-16T20:19:40","modified_gmt":"2020-02-17T01:19:40","slug":"quienes-somos","status":"publish","type":"page","link":"https:\/\/montieri.co\/index.php\/quienes-somos\/","title":{"rendered":"Quienes Somos"},"content":{"rendered":"\n<div class=\"wp-block-image\"><figure class=\"aligncenter size-large is-resized\"><img loading=\"lazy\" src=\"https:\/\/montieri.co\/wp-content\/uploads\/2020\/01\/Asset-27-1024x897.png\" alt=\"\" class=\"wp-image-131\" width=\"160\" height=\"140\" srcset=\"https:\/\/montieri.co\/wp-content\/uploads\/2020\/01\/Asset-27-1024x897.png 1024w, https:\/\/montieri.co\/wp-content\/uploads\/2020\/01\/Asset-27-300x263.png 300w, https:\/\/montieri.co\/wp-content\/uploads\/2020\/01\/Asset-27-768x673.png 768w, https:\/\/montieri.co\/wp-content\/uploads\/2020\/01\/Asset-27-1536x1346.png 1536w, https:\/\/montieri.co\/wp-content\/uploads\/2020\/01\/Asset-27-2048x1794.png 2048w\" sizes=\"(max-width: 160px) 100vw, 160px\" \/><\/figure><\/div>\n\n\n\n<p class=\"has-text-align-center\">MONTIERI S.A.S., empresa de servicios de asesor\u00eda y consultor\u00eda en Ingenier\u00eda Estructural, Pavimentos, Construcci\u00f3n de Obra Civil y Gerencia Integral de Proyectos. Contamos con un grupo de expertos con m\u00e1s de quince a\u00f1os de experiencia en diferentes disciplinas tanto a nivel de planeaci\u00f3n y direcci\u00f3n, como de dise\u00f1o y construcci\u00f3n. <\/p>\n\n\n\n<p class=\"has-text-align-center\">Nuestra empresa naci\u00f3 en el a\u00f1o 2016 como una necesidad de integrar diferentes especialidades en la soluci\u00f3n de problemas de ingenier\u00eda. De esta manera, hemos logrado brindar asesor\u00eda y adelantar proyectos en diferentes etapas del ciclo de vida, tanto en edificaciones como en infraestructura vial.<\/p>\n\n\n\n<!--more-->\n\n\n\n<div style=\"height:20px\" aria-hidden=\"true\" class=\"wp-block-spacer\"><\/div>\n\n\n\n<div class=\"wp-container-3 wp-block-columns\">\n<div class=\"wp-container-1 wp-block-column\">\n<p style=\"color:#0a4274;font-size:22px\" class=\"has-text-color has-text-align-center\"><strong>Misi\u00f3n<\/strong><\/p>\n\n\n\n<p class=\"has-text-align-center\"> Nuestros objetivos van encaminados a satisfacer las necesidades de nuestros clientes, ofreciendo servicios de calidad, eficientes y a un costo razonable. MONTIERI S.A.S. provee c\u00e1lculos, dise\u00f1os y construcci\u00f3n de obras de ingenier\u00eda basados en la seguridad de las estructuras, pero pensando principalmente en la protecci\u00f3n de quienes las habitar\u00e1n. Asesoramos y trabajamos para todo tipo de clientes desde personas naturales hasta grandes empresas, brindando lo mejor de nosotros para cumplir con sus requerimientos. <\/p>\n<\/div>\n\n\n\n<div class=\"wp-container-2 wp-block-column is-vertically-aligned-top\">\n<p style=\"color:#0a4274;font-size:22px\" class=\"has-text-color has-text-align-center\"><strong>Visi\u00f3n<\/strong><\/p>\n\n\n\n<p class=\"has-text-align-center\"> Ser un referente a nivel nacional como compa\u00f1\u00eda de consultor\u00eda en dise\u00f1os estructurales y construcci\u00f3n de obras de ingenier\u00eda, avanzando con la din\u00e1mica del mercado, tecnolog\u00eda y las necesidades de nuestros clientes. Ser reconocidos por nuestro intelecto y buenas pr\u00e1cticas es nuestro sue\u00f1o. <\/p>\n<\/div>\n<\/div>\n\n\n\n<div style=\"height:20px\" aria-hidden=\"true\" class=\"wp-block-spacer\"><\/div>\n\n\n\n<p style=\"color:#0a4274;font-size:22px\" class=\"has-text-color has-text-align-center\"><strong>Nuestros Valores<\/strong><\/p>\n\n\n<div class=\"one_third ctxbx\"><\/p>\n<div class=\"best-featurs\">\n<h4>Seguridad<\/h4>\n<div>Brindamos confianza y tranquilidad a nuestros clientes al ofrecer dise\u00f1os y obras de calidad. Trabajamos con personal y materiales de excelencia y apropiados para cada espacio.<\/div>\n<p>&nbsp;<br \/>\n&nbsp;<\/p>\n<h4>Honestidad<\/h4>\n<div>Somos transparentes, sinceros en nuestro actuar, veraces y cumplidores de los compromisos y obligaciones.<\/div>\n<\/div>\n<p><\/div>\n<div class=\"one_third\"><img src=\"https:\/\/montieri.co\/wp-content\/uploads\/2020\/01\/Competition-LEAD-1.png\"><\/div>\n<div class=\"one_third last_column\"><\/p>\n<div class=\"best-featurs\">\n<h4>Cumplimiento<\/h4>\n<div>Los compromisos adquiridos con los tiempos de entrega son la meta, un retraso nunca es una opci\u00f3n.<\/div>\n<\/div>\n<div class=\"best-featurs\">\n<p>&nbsp;<br \/>\n&nbsp;<\/p>\n<h4>Innovaci\u00f3n<\/h4>\n<div>Nos adaptamos a los requerimientos y estilos de cada cliente, ofreciendo diversas opciones y servicios a la vanguardia de la tecnolog\u00eda.<\/div>\n<\/div>\n<p><\/div>\n","protected":false},"excerpt":{"rendered":"<p>MONTIERI S.A.S., empresa de servicios de asesor\u00eda y consultor\u00eda en Ingenier\u00eda Estructural, Pavimentos, Construcci\u00f3n de Obra Civil y Gerencia Integral de Proyectos. Contamos con un grupo de expertos con m\u00e1s de quince a\u00f1os de experiencia en diferentes disciplinas tanto a nivel de planeaci\u00f3n y direcci\u00f3n, como de dise\u00f1o y construcci\u00f3n. Nuestra empresa naci\u00f3 en el a\u00f1o 2016 como una necesidad de integrar diferentes especialidades en la soluci\u00f3n de problemas de ingenier\u00eda. De esta manera, hemos logrado brindar asesor\u00eda y adelantar proyectos en diferentes etapas del ciclo de vida, tanto en edificaciones como en infraestructura vial.<\/p>\n","protected":false},"author":1,"featured_media":0,"parent":0,"menu_order":0,"comment_status":"closed","ping_status":"closed","template":"template-no-sidebar.php","meta":[],"_links":{"self":[{"href":"https:\/\/montieri.co\/index.php\/wp-json\/wp\/v2\/pages\/41"}],"collection":[{"href":"https:\/\/montieri.co\/index.php\/wp-json\/wp\/v2\/pages"}],"about":[{"href":"https:\/\/montieri.co\/index.php\/wp-json\/wp\/v2\/types\/page"}],"author":[{"embeddable":true,"href":"https:\/\/montieri.co\/index.php\/wp-json\/wp\/v2\/users\/1"}],"replies":[{"embeddable":true,"href":"https:\/\/montieri.co\/index.php\/wp-json\/wp\/v2\/comments?post=41"}],"version-history":[{"count":94,"href":"https:\/\/montieri.co\/index.php\/wp-json\/wp\/v2\/pages\/41\/revisions"}],"predecessor-version":[{"id":628,"href":"https:\/\/montieri.co\/index.php\/wp-json\/wp\/v2\/pages\/41\/revisions\/628"}],"wp:attachment":[{"href":"https:\/\/montieri.co\/index.php\/wp-json\/wp\/v2\/media?parent=41"}],"curies":[{"name":"wp","href":"https:\/\/api.w.org\/{rel}","templated":true}]}}