{"id":43,"date":"2020-01-15T03:08:16","date_gmt":"2020-01-15T03:08:16","guid":{"rendered":"https:\/\/montieri.co\/?page_id=43"},"modified":"2020-04-11T19:10:03","modified_gmt":"2020-04-12T00:10:03","slug":"noticias","status":"publish","type":"page","link":"https:\/\/montieri.co\/index.php\/noticias\/","title":{"rendered":"Noticias"},"content":{"rendered":"<style type=\"text\/css\">\n\t\/**\n\t * Table of Contents\n\t *\n\t * 1.0 - Pagination\n\t * 2.0 - Social Media Icon\n\t * 3.0 - Default Blog Template\n\t * 4.0 - Classical Template\n\t * 5.0 - Light Breeze Template\n\t * 6.0 - Spektrum Template\n\t * 7.0 - Evolution Template\n\t * 8.0 - Timeline Template\n\t * 9.0 - News Template\n\t *\n\t *\/\n\t\/**\n\t * 1.0 - Pagination\n\t *\/\n\t.bd_pagination_box.wl_pagination_box .paging-navigation ul.page-numbers li a.page-numbers:hover,\n\t.bd_pagination_box.wl_pagination_box .paging-navigation ul.page-numbers li > span.current {\n\t\tbackground-color: #2e93ea;\t\tcolor: #cecece;\t\tfont-size:14px;\t}\n\t.bd_pagination_box.wl_pagination_box .paging-navigation ul.page-numbers li a.page-numbers {\n\t\tbackground-color: #cecece;\t\tcolor: #2e93ea;\t\tfont-size:14px;\t}\n\t.bd_pagination_box.wl_pagination_box .paging-navigation ul.page-numbers li a.page-numbers.dots {\n\t\tfont-size:14px !important;\t}\n\t\/**\n\t * 2.0 - Social Media Icon\n\t *\/    \n\t.bdp_blog_template .social-component a {\n\t\tborder-radius: 100%;\t}\n\t\/**\n\t * 3.0 - Default Blog Template\n\t *\/\n\t\t\t.bdp_blog_template.nicy .blog_header h2,\n\t\t.blog_template.crayon_slider .blog_header h2,\n\t\t.glossary .blog_header h2,\n\t\t.bdp_blog_template .bd-blog-header h2 {        \n\t\t\tbackground: #ffffff\t\t}\n\t\t.blog_template .bd-more-tag-inline {\n\t\tcolor: #cecece !important;\t\tfont-size:14px;\t}\n\t\t\t.bdp_blog_template .blog_header h2,\n\t\t.bdp_blog_template .blog_header h2 a,\n\t\t.bdp_blog_template .bd-blog-header h2,\n\t\t.bdp_blog_template .bd-blog-header h2 a,\n\t\t.bdp_blog_template .bd_ad_container h4, \n\t\t.blog_template .bd_ad_container h4 {\n\t\t\tcolor: #222222 !important;\t\t\tfont-size: 35px;\t\t}\n\t\t.post_content-inner p,\n\t.bd-post-content {\n\t\tcolor:#999999;\t\tfont-size:14px;\t}\n\t.bdp_blog_template .bd-metacats,\n\t.bd-tags,\n\tspan.bd-category-link,\n\t.bdp_blog_template .author,\n\t.bdp_blog_template .date,\n\t.bdp_blog_template .bd-categories,\n\t.bdp_blog_template.evolution .bd-categories a,\n\t.bdp_blog_template .bd-categories a,\n\t.bd-meta-data-box .bd-metacats,\n\t.bd-meta-data-box .bd-metacomments,\n\t.bd-meta-data-box .bd-metacomments span,\n\t.bdp_blog_template .date i, .bdp_blog_template .author i, .bdp_blog_template .comment i,\n\t.bd-tags a,\n\tspan.bd-category-link a,\n\t.bd-metadatabox p,\n\tspan .bd-link-label,\n\t.bdp_blog_template .blog_footer span,\n\t.bd-metacomments i,\n\t.date_wrap i,\n\t.bdp_blog_template a,\n\t.bdp_blog_template .post_content,\n\t.bd-categories i,\n\t.bdp_blog_template.spektrum .post-bottom .post-by,\n\t.bdp_blog_template.spektrum .post-bottom .bd-tags,\n\t.bd-metadatabox,\n\t.bdp_blog_template.news .bd-blog-header .bd-metadatabox a,\n\t.bdp_blog_template.news .post-content-div .post_cat_tag > span i,\n\t.bdp_blog_template .bd-meta-data-box .bd-metadate, .bdp_blog_template .bd-meta-data-box .bd-metauser, .bdp_blog_template .bd-meta-data-box .bd-metacats,\n\t.bd-meta-data-box .bd-metacats a,\n\t.bd-meta-data-box .bd-metacomments a,\n\t.bdp_blog_template.box-template .bd-tags,\n\t.bdp_blog_template .datetime,\n\t.bdp_blog_template .link-lable,\n\t.bdp_blog_template .post-date\n\t.bdp_blog_template .bd_ad_container p, .blog_template .bd_ad_container {\n\t\tfont-size:14px;\t}\n\t.bdp_blog_template .date,\n\t.bdp_blog_template .comment,\n\t.bdp_blog_template .author .bd-icon-author,\n\t.bdp_blog_template .author,\n\t.bdp_blog_template.news .post-content-div .post_cat_tag > span i ,\n\t.bdp_blog_template .post-by,\n\t.bdp_blog_template .bd-categories i,\n\t.bdp_blog_template .bd-metacats i,\n\t.bdp_blog_template .category-link i,\n\t.bdp_blog_template .bd-tags i,\n\t.bdp_blog_template .bd-metacomments,\n\t.bdp_blog_template .date_wrap i,\n\t.bdp_blog_template .post-date,\n\t.bdp_blog_template .link-lable,\n\t.bdp_blog_template .datetime,\n\t.bdp_blog_template.glossary .post-author span,\n\t.bdp_blog_template .post_content-inner p,\n\t.bdp_blog_template .post_content,\n\t.bdp_blog_template .tags i {\n\t\tcolor:#999999;\t}\n\t.bdp_blog_template .bd-meta-data-box {\n\t\tcolor:#999999;\t}\n\t.bdp_blog_template .bd-meta-data-box i {\n\t\tcolor: #222222;\t}\n\t\t\t.bd-metadatabox {\n\t\t\tcolor:#999999;\t\t}\n\t\t.bd-link-label {\n\t\tcolor:#999999;\t}\n\t.bdp_blog_template a.bd-more-tag {\n\t\tbackground-color: #2e93ea!important;\t\tcolor: #cecece!important;\t}\n\t\t\t.bdp_blog_template a.bd-more-tag:hover {\n\t\t\tbackground-color: #cecece!important;\t\t\tcolor: #2e93ea!important;\t\t}\n\t\t.bdp_blog_template i {\n\t\tfont-style: normal !important;\n\t}\n\t\t\t.bd-tags,\n\t\tspan.bd-category-link,\n\t\t.bdp_blog_template .bd-categories,\n\t\t.bd-meta-data-box .bd-metacats,\n\t\t.bd-meta-data-box .bd-metacats a,\n\t\t.bd-meta-data-box .bd-metacomments a,\n\t\t.bdp_blog_template .bd-categories a,\n\t\t.bd-post-content a,\n\t\t.bd-tags a,\n\t\tspan.bd-category-link a,\n\t\t.bdp_blog_template a {\n\t\t\tcolor:#2a97ea !important;\n\t\t\tfont-weight: normal !important;\n\t\t}\n\t\t\t\t.bd-meta-data-box .bd-metacats a:hover,\n\t\t.bd-meta-data-box .bd-metacomments a:hover,\n\t\t.bdp_blog_template .bd-categories a:hover,\n\t\t.spektrum .post-bottom .bd-categories a:hover,\n\t\t.bd-post-content a:hover,\n\t\t.bd-tags a:hover,\n\t\tspan.bd-category-link a:hover,\n\t\t.bdp_blog_template a:hover,\n\t\t.bd-post-content a:hover {\n\t\t\tcolor:#999999 !important;\n\t\t}\n\t\t\t\t.bdp_blog_template.evolution,\n\t\t.bdp_blog_template.lightbreeze {\n\t\t\tbackground: #ffffff;\n\t\t}\n\t\t\t\/**\n\t * 4.0 - Classical Template\n\t *\/\n\t.bdp_blog_template.classical .bd-blog-header .bd-tags {\n\t\tcolor: #2a97ea;\t}\n\t\/**\n\t * 5.0 - Light Breeze Template\n\t *\/\n\t\/**\n\t * 6.0 - Spektrum Template\n\t *\/\n\t.bdp_blog_template.spektrum .bd-blog-header {\n\t\tbackground:#ffffff;\t}\n\t\t\t.spektrum .date {\n\t\t\tbackground-color: #222222;\n\t\t}\n\t\t\t\t.spektrum .post-bottom .bd-categories a {\n\t\t\tcolor: #2a97ea;\n\t\t}\n\t\t\t\t.spektrum .details a {\n\t\t\tcolor :#cecece !important;\n\t\t\tfont-size:14px;\t\t}\n\t\t\t\t.spektrum .details a:hover {\n\t\t\tcolor :#2e93ea;\n\t\t}\n\t\t\/**\n\t * 7.0 - Evolution Template\n\t *\/\n\t\/**\n\t * 8.0 - Timeline Template\n\t *\/\n\t.timeline_bg_wrap:before {\n\t\tbackground: none repeat scroll 0 0 #ffffff;\n\t}\n\t.bd-datetime {\n\t\tbackground: none repeat scroll 0 0 #ffffff;\n\t}\n\t.bdp_blog_template.timeline .post_hentry > p > i {\n\t\tbackground: #ffffff;\t}\n\t.bdp_blog_template.timeline:nth-child(2n+1) .post_content_wrap:before,\n\t.bdp_blog_template.timeline:nth-child(2n+1) .post_content_wrap:after {\n\t\tborder-left: 8px solid #ffffff;\n\t}\n\t.rtl .bdp_blog_template.timeline:nth-child(2n+1) .post_content_wrap:before,\n\t.rtl .bdp_blog_template.timeline:nth-child(2n+1) .post_content_wrap:after {\n\t\tborder-right: 8px solid #ffffff;\n\t}\n\t.bdp_blog_template.timeline:nth-child(2n) .post_content_wrap:before,\n\t.bdp_blog_template.timeline:nth-child(2n) .post_content_wrap:after {\n\t\tborder-right: 8px solid #ffffff;\n\t}\n\t.rtl .bdp_blog_template.timeline:nth-child(2n) .post_content_wrap:before,\n\t.rtl .bdp_blog_template.timeline:nth-child(2n) .post_content_wrap:after {\n\t\tborder-left: 8px solid #ffffff;\n\t}\n\t.post_content_wrap {\n\t\tborder:1px solid #ffffff;\n\t}\n\t.bdp_blog_template .post_content_wrap .blog_footer {\n\t\tborder-top: 1px solid #ffffff ;\n\t}\n\t.bdp_blog_template .post-icon {\n\t\tbackground:#ffffff;\t}\n\t.bdp_blog_template.timeline .desc h3 a{\n\t\tcolor: #222222 !important;\t\tbackground:#ffffff !important;\t\tfont-size: 35px;\t}\n\t\/**\n\t * 9.0 - News Template\n\t *\/\n\t\t\t.bdp_blog_template.news .bd-blog-header h2.title a{\n\t\t\tcolor: #222222;\t\t\tfont-size: 35px;\t\t}\n\t\t.blog_template.boxy-clean .blog_header h2,\n\t.bdp_blog_template.news .bd-blog-header h2.title{\n\t\tbackground: #ffffff\t}\n\t.bdp_blog_template.news a.bd-more-tag{\n\t\tfloat: right !important;\n\t}\n\t.blog_template.boxy-clean ul li:hover,\n\t.blog_template.boxy-clean ul li:hover .blog_footer.blog_footer,\n\t.blog_template.boxy-clean ul li:hover .blog_div,\n\t.blog_template.boxy-clean ul li:hover .blog_header h2 {\n\t\tbackground: ;\n\t}\n\t.glossary .post_content-inner {\n\t\tborder-color: #ffffff;\t}\n\t.blog_template.boxy-clean .blog_wrap.bdp_blog_template .author {\n\t\tbackground: #ffffff;\t}\n\t<\/style>\n\t\t\t\t\t\t<div class=\"blog_template boxy-clean\">\n\t\t\t\t\t\t\t<ul>\n\t\t\t\t\t\t\t\t<li class=\"blog_wrap bdp_blog_template two_column two_column_ipad two_column_tablet two_column_mobile bdp_blog_single_post_wrapp\">\n\t\t\t\t\t\t<div class=\"post-meta\">\n\t\t\t\t\t\t\t\t\t<div class=\"postdate\">\n\t\t\t\t\t\t<span class=\"month\">Ene 29<\/span>\n\t\t\t\t\t\t<span class=\"year\">2020<\/span>\n\t\t\t\t\t<\/div>\n\t\t\t\t\t\t\t\t<\/div>\n\t\t\t<div class=\"post-media\">\n\t\t\t\t\t\t\t\t\t<div class=\"bd-post-image\"><a href=\"https:\/\/montieri.co\/index.php\/2020\/01\/29\/licencias-de-construccion\/\"><img width=\"400\" height=\"251\" src=\"https:\/\/montieri.co\/wp-content\/uploads\/2020\/01\/Valla-Licencia-2-1.png\" class=\"attachment-full size-full wp-post-image\" alt=\"\" loading=\"lazy\" srcset=\"https:\/\/montieri.co\/wp-content\/uploads\/2020\/01\/Valla-Licencia-2-1.png 400w, https:\/\/montieri.co\/wp-content\/uploads\/2020\/01\/Valla-Licencia-2-1-300x188.png 300w\" sizes=\"(max-width: 400px) 100vw, 400px\" \/><\/a><\/div> \n\t\t\t\t\t\t\t\t\t\t<span class=\"author\">\n\t\t\t\t\t\t<a href=\"https:\/\/montieri.co\/index.php\/author\/williamgp\/\"><span>williamgp<\/span><\/a>\n\t\t\t\t\t<\/span>\n\t\t\t\t\t\t\t\t<\/div>\n\t\t\t<div class=\"post_summary_outer\">\n\t\t\t\t<div class=\"blog_header\">\n\t\t\t\t\t<h2><a href=\"https:\/\/montieri.co\/index.php\/2020\/01\/29\/licencias-de-construccion\/\">\u00bfSon necesarias las Licencias de Construcci\u00f3n?<\/a><\/h2>\n\t\t\t\t<\/div>\n\t\t\t\t<div class=\"post_content\">\n\t\t\t\t\tMuchas veces hemos escuchado de parientes, amigos o incluso desconocidos, que quisieran ampliar su casa, colocar un segundo, tercer o hasta un cuarto piso; sin embargo: \u00bfEs necesario solicitar una Licencia de Construcci\u00f3n? \u00bfEs realmente necesario contratar a un arquitecto, ingeniero o ambos para que realicen unos dise\u00f1os? \u00bfPodr\u00edamos tal vez ahorrar esos costos y hacernos de un maestro de obra o contratista e iniciar la construcci\u00f3n? Aqu\u00ed les vamos a contar un poco acerca\t\t\t\t\t<div class=\"bd-more-next-line\"><a class=\"bd-more-tag\" href=\"https:\/\/montieri.co\/index.php\/2020\/01\/29\/licencias-de-construccion\/\">Leer m\u00e1s <\/a><\/div>\t\t\t\t<\/div>\n\t\t\t<\/div>\n\t\t\t<div class=\"blog_footer\">\n\t\t\t\t<div class=\"footer_meta\">\n\t\t\t\t\t\t\t\t\t\t\t\t\t\t<\/div>\n\t\t\t\t<div class='bd_social_share_wrap'>\n\t\t\t\t\t\t\t\t\t\t\t<div class=\"social-component\">\n\t\t\t\t\t\t\t\t\t\t\t\t\t\t\t<a data-share=\"facebook\" data-href=\"https:\/\/www.facebook.com\/sharer\/sharer.php\" data-url=\"https:\/\/montieri.co\/index.php\/2020\/01\/29\/licencias-de-construccion\/\" class=\"bd-facebook-share bd-social-share\"><i class=\"fab fa-facebook-f\"><\/i><\/a>\n\t\t\t\t\t\t\t\t\t\t\t\t\t\t\t\t\t\t\t\t\t\t<a data-share=\"twitter\" data-href=\"https:\/\/twitter.com\/share\" data-text=\"\u00bfSon necesarias las Licencias de Construcci\u00f3n?\" data-url=\"https:\/\/montieri.co\/index.php\/2020\/01\/29\/licencias-de-construccion\/\" class=\"bd-twitter-share bd-social-share\"><i class=\"fab fa-twitter\"><\/i><\/a>\n\t\t\t\t\t\t\t\t\t\t\t\t\t\t\t\t\t\t\t\t\t\t<a data-share=\"linkedin\" data-href=\"https:\/\/www.linkedin.com\/shareArticle\" data-url=\"https:\/\/montieri.co\/index.php\/2020\/01\/29\/licencias-de-construccion\/\" class=\"bd-linkedin-share bd-social-share\"><i class=\"fab fa-linkedin-in\"><\/i><\/a>\n\t\t\t\t\t\t\t\t\t\t\t\t\t\t\t\t\t\t\t\t\t\t<a data-share=\"pinterest\" data-href=\"https:\/\/pinterest.com\/pin\/create\/button\/\" data-url=\"https:\/\/montieri.co\/index.php\/2020\/01\/29\/licencias-de-construccion\/\" data-mdia=\"https:\/\/montieri.co\/wp-content\/uploads\/2020\/01\/Valla-Licencia-2-1.png\" data-description=\"\u00bfSon necesarias las Licencias de Construcci\u00f3n?\" class=\"bd-pinterest-share bd-social-share\"> <i class=\"fab fa-pinterest-p\"><\/i><\/a>\n\t\t\t\t\t\t\t\t\t\t\t\t<\/div>\n\t\t\t\t\t\t\t\t\t<\/div>\n\t\t\t<\/div>\n\t\t<\/li>\n\n\t\t\t\t<li class=\"blog_wrap bdp_blog_template two_column two_column_ipad two_column_tablet two_column_mobile bdp_blog_single_post_wrapp\">\n\t\t\t\t\t\t<div class=\"post-meta\">\n\t\t\t\t\t\t\t\t\t<div class=\"postdate\">\n\t\t\t\t\t\t<span class=\"month\">Ene 17<\/span>\n\t\t\t\t\t\t<span class=\"year\">2020<\/span>\n\t\t\t\t\t<\/div>\n\t\t\t\t\t\t\t\t<\/div>\n\t\t\t<div class=\"post-media\">\n\t\t\t\t\t\t\t\t\t<div class=\"bd-post-image\"><a href=\"https:\/\/montieri.co\/index.php\/2020\/01\/17\/la-pasion-por-crecer-de-la-mano-de-excelentes-resultados\/\"><img width=\"400\" height=\"250\" src=\"https:\/\/montieri.co\/wp-content\/uploads\/2020\/01\/Asset-9-2-1-1.png\" class=\"attachment-full size-full wp-post-image\" alt=\"\" loading=\"lazy\" srcset=\"https:\/\/montieri.co\/wp-content\/uploads\/2020\/01\/Asset-9-2-1-1.png 400w, https:\/\/montieri.co\/wp-content\/uploads\/2020\/01\/Asset-9-2-1-1-300x188.png 300w\" sizes=\"(max-width: 400px) 100vw, 400px\" \/><\/a><\/div> \n\t\t\t\t\t\t\t\t\t\t<span class=\"author\">\n\t\t\t\t\t\t<a href=\"https:\/\/montieri.co\/index.php\/author\/williamgp\/\"><span>williamgp<\/span><\/a>\n\t\t\t\t\t<\/span>\n\t\t\t\t\t\t\t\t<\/div>\n\t\t\t<div class=\"post_summary_outer\">\n\t\t\t\t<div class=\"blog_header\">\n\t\t\t\t\t<h2><a href=\"https:\/\/montieri.co\/index.php\/2020\/01\/17\/la-pasion-por-crecer-de-la-mano-de-excelentes-resultados\/\">La pasi\u00f3n por crecer de la mano de excelentes resultados<\/a><\/h2>\n\t\t\t\t<\/div>\n\t\t\t\t<div class=\"post_content\">\n\t\t\t\t\tMontieri Ingenier\u00eda &amp; Construcci\u00f3n S.A.S. fue creado en el a\u00f1o 2016 con la \u00fanica y firme convicci\u00f3n de entregar resultados de calidad en cada uno de los servicios ofrecidos. Nuestros inicios se dieron en el campo de la construcci\u00f3n a trav\u00e9s de la contrataci\u00f3n por parte de una compa\u00f1\u00eda multinacional de Brasil dedicada al campo de la inform\u00e1tica, la cual, requer\u00eda de proveer adem\u00e1s de sus servicios tecnol\u00f3gicos, las instalaciones f\u00edsicas para una entidad p\u00fablica\t\t\t\t\t<div class=\"bd-more-next-line\"><a class=\"bd-more-tag\" href=\"https:\/\/montieri.co\/index.php\/2020\/01\/17\/la-pasion-por-crecer-de-la-mano-de-excelentes-resultados\/\">Leer m\u00e1s <\/a><\/div>\t\t\t\t<\/div>\n\t\t\t<\/div>\n\t\t\t<div class=\"blog_footer\">\n\t\t\t\t<div class=\"footer_meta\">\n\t\t\t\t\t\t\t\t\t\t\t\t\t\t<\/div>\n\t\t\t\t<div class='bd_social_share_wrap'>\n\t\t\t\t\t\t\t\t\t\t\t<div class=\"social-component\">\n\t\t\t\t\t\t\t\t\t\t\t\t\t\t\t<a data-share=\"facebook\" data-href=\"https:\/\/www.facebook.com\/sharer\/sharer.php\" data-url=\"https:\/\/montieri.co\/index.php\/2020\/01\/17\/la-pasion-por-crecer-de-la-mano-de-excelentes-resultados\/\" class=\"bd-facebook-share bd-social-share\"><i class=\"fab fa-facebook-f\"><\/i><\/a>\n\t\t\t\t\t\t\t\t\t\t\t\t\t\t\t\t\t\t\t\t\t\t<a data-share=\"twitter\" data-href=\"https:\/\/twitter.com\/share\" data-text=\"La pasi\u00f3n por crecer de la mano de excelentes resultados\" data-url=\"https:\/\/montieri.co\/index.php\/2020\/01\/17\/la-pasion-por-crecer-de-la-mano-de-excelentes-resultados\/\" class=\"bd-twitter-share bd-social-share\"><i class=\"fab fa-twitter\"><\/i><\/a>\n\t\t\t\t\t\t\t\t\t\t\t\t\t\t\t\t\t\t\t\t\t\t<a data-share=\"linkedin\" data-href=\"https:\/\/www.linkedin.com\/shareArticle\" data-url=\"https:\/\/montieri.co\/index.php\/2020\/01\/17\/la-pasion-por-crecer-de-la-mano-de-excelentes-resultados\/\" class=\"bd-linkedin-share bd-social-share\"><i class=\"fab fa-linkedin-in\"><\/i><\/a>\n\t\t\t\t\t\t\t\t\t\t\t\t\t\t\t\t\t\t\t\t\t\t<a data-share=\"pinterest\" data-href=\"https:\/\/pinterest.com\/pin\/create\/button\/\" data-url=\"https:\/\/montieri.co\/index.php\/2020\/01\/17\/la-pasion-por-crecer-de-la-mano-de-excelentes-resultados\/\" data-mdia=\"https:\/\/montieri.co\/wp-content\/uploads\/2020\/01\/Asset-9-2-1-1.png\" data-description=\"La pasi\u00f3n por crecer de la mano de excelentes resultados\" class=\"bd-pinterest-share bd-social-share\"> <i class=\"fab fa-pinterest-p\"><\/i><\/a>\n\t\t\t\t\t\t\t\t\t\t\t\t<\/div>\n\t\t\t\t\t\t\t\t\t<\/div>\n\t\t\t<\/div>\n\t\t<\/li>\n\n\t\t\t\t\t\t\t\t<\/ul>\n\t\t\t\t\t<\/div>\n\t\t\t\t<div class=\"wl_pagination_box bd_pagination_box  boxy-clean\"><\/div>\n","protected":false},"excerpt":{"rendered":"","protected":false},"author":1,"featured_media":0,"parent":0,"menu_order":0,"comment_status":"closed","ping_status":"closed","template":"template-no-sidebar.php","meta":[],"_links":{"self":[{"href":"https:\/\/montieri.co\/index.php\/wp-json\/wp\/v2\/pages\/43"}],"collection":[{"href":"https:\/\/montieri.co\/index.php\/wp-json\/wp\/v2\/pages"}],"about":[{"href":"https:\/\/montieri.co\/index.php\/wp-json\/wp\/v2\/types\/page"}],"author":[{"embeddable":true,"href":"https:\/\/montieri.co\/index.php\/wp-json\/wp\/v2\/users\/1"}],"replies":[{"embeddable":true,"href":"https:\/\/montieri.co\/index.php\/wp-json\/wp\/v2\/comments?post=43"}],"version-history":[{"count":26,"href":"https:\/\/montieri.co\/index.php\/wp-json\/wp\/v2\/pages\/43\/revisions"}],"predecessor-version":[{"id":615,"href":"https:\/\/montieri.co\/index.php\/wp-json\/wp\/v2\/pages\/43\/revisions\/615"}],"wp:attachment":[{"href":"https:\/\/montieri.co\/index.php\/wp-json\/wp\/v2\/media?parent=43"}],"curies":[{"name":"wp","href":"https:\/\/api.w.org\/{rel}","templated":true}]}}