{"id":48,"date":"2020-01-15T03:08:16","date_gmt":"2020-01-15T03:08:16","guid":{"rendered":"https:\/\/montieri.co\/?page_id=48"},"modified":"2023-02-28T11:03:16","modified_gmt":"2023-02-28T16:03:16","slug":"disenos-estructurales","status":"publish","type":"page","link":"https:\/\/montieri.co\/index.php\/servicios\/disenos-estructurales\/","title":{"rendered":"Dise\u00f1os Estructurales"},"content":{"rendered":"\n<p class=\"has-text-align-center\">El proyecto estructural comprende la elaboraci\u00f3n del modelo estructural y los c\u00e1lculos necesarios para establecer las solicitaciones de la estructura, para posteriormente establecer la geometr\u00eda, resistencia y refuerzo necesario de cada elemento, con el fin de contar con estructuras adecuadamente dise\u00f1adas a la medida de nuestros clientes. <\/p>\n\n\n\n<p class=\"has-text-align-center\">Los dise\u00f1os de las edificaciones se realizan siguiendo los lineamientos del Reglamento Colombiano de Construcci\u00f3n Sismo Resistente NSR-10, mientras que, para otras estructuras como tanques, plantas de tratamiento, muros de contenci\u00f3n, cubiertas etc. se siguen los lineamientos del AIS y la NSR-10 en aquellas que apliquen, adem\u00e1s de otras normas internacionales.<\/p>\n\n\n<div class=\"wp-block-image\">\n<figure class=\"aligncenter size-large\"><img loading=\"lazy\" width=\"444\" height=\"488\" src=\"https:\/\/montieri.co\/wp-content\/uploads\/2020\/01\/Edif1-1.png\" alt=\"\" class=\"wp-image-345\" srcset=\"https:\/\/montieri.co\/wp-content\/uploads\/2020\/01\/Edif1-1.png 444w, https:\/\/montieri.co\/wp-content\/uploads\/2020\/01\/Edif1-1-273x300.png 273w\" sizes=\"(max-width: 444px) 100vw, 444px\" \/><\/figure><\/div>\n\n\n<div style=\"height:20px\" aria-hidden=\"true\" class=\"wp-block-spacer\"><\/div>\n\n\n\n<p class=\"has-text-align-center has-text-color\" style=\"color:#0a4274;font-size:22px\"> <strong>Nuestros Servicios Detallados<\/strong> <\/p>\n\n\n\n<p class=\"has-text-align-center\"> Dise\u00f1amos para toda clase de edificaciones, en materiales como concreto, acero, mamposter\u00eda y madera <\/p>\n\n\n\n<div class=\"wp-block-media-text alignwide is-vertically-aligned-center\" style=\"grid-template-columns:35% auto\"><figure class=\"wp-block-media-text__media\"><img loading=\"lazy\" width=\"664\" height=\"1024\" src=\"https:\/\/montieri.co\/wp-content\/uploads\/2020\/01\/writing-architecture-newspaper-architect-paper-brand-1110341-pxhere.com-5-664x1024.jpg\" alt=\"\" class=\"wp-image-361\" srcset=\"https:\/\/montieri.co\/wp-content\/uploads\/2020\/01\/writing-architecture-newspaper-architect-paper-brand-1110341-pxhere.com-5-664x1024.jpg 664w, https:\/\/montieri.co\/wp-content\/uploads\/2020\/01\/writing-architecture-newspaper-architect-paper-brand-1110341-pxhere.com-5-194x300.jpg 194w, https:\/\/montieri.co\/wp-content\/uploads\/2020\/01\/writing-architecture-newspaper-architect-paper-brand-1110341-pxhere.com-5.jpg 700w\" sizes=\"(max-width: 664px) 100vw, 664px\" \/><\/figure><div class=\"wp-block-media-text__content\">\n\n<figure class=\"wp-block-table aligncenter is-style-stripes\"><table class=\"\"><tbody><tr><td class=\"has-text-align-center\" data-align=\"center\">C\u00e1lculos y dise\u00f1os estructurales<\/td><\/tr><tr><td class=\"has-text-align-center\" data-align=\"center\">Estudios de rehabilitaci\u00f3n y vulnerabilidad s\u00edsmica Estructural<\/td><\/tr><tr><td class=\"has-text-align-center\" data-align=\"center\">Revisi\u00f3n externa de dise\u00f1os para proyectos mayores a 2000m\u00b2<\/td><\/tr><tr><td class=\"has-text-align-center\" data-align=\"center\">Peritaje estructural<\/td><\/tr><tr><td class=\"has-text-align-center\" data-align=\"center\">Elaboraci\u00f3n de especificaciones de materiales<\/td><\/tr><tr><td class=\"has-text-align-center\" data-align=\"center\">Asesor\u00eda en tr\u00e1mites de curadur\u00eda para Licencias de Construcci\u00f3n<\/td><\/tr><tr><td class=\"has-text-align-center\" data-align=\"center\">Planeamiento y evaluaci\u00f3n de proyectos<\/td><\/tr><tr><td class=\"has-text-align-center\" data-align=\"center\">Asesor\u00eda en proyectos estructurales<\/td><\/tr><tr><td class=\"has-text-align-center\" data-align=\"center\">Interventor\u00eda  de Estudios y Dise\u00f1os <\/td><\/tr><\/tbody><\/table><\/figure>\n\n<\/div><\/div>\n\n\n\n<div style=\"height:20px\" aria-hidden=\"true\" class=\"wp-block-spacer\"><\/div>\n\n\n\n<p class=\"has-text-align-center\">En\nMONTIERI INGENIER\u00cdA Y CONSTRUCCI\u00d3N S.A.S., nuestros dise\u00f1os son realizados por\nprofesionales con s\u00f3lidos conocimientos y experiencia en el \u00e1rea del dise\u00f1o\nestructural, quienes intervienen directamente en todos los procesos de dise\u00f1o.\nEsta fortaleza nos permite garantizar la calidad de los dise\u00f1os lo que\nfinalmente se ve reflejado en la minimizaci\u00f3n de costos imprevistos en la etapa\nde construcci\u00f3n por errores de dise\u00f1o, as\u00ed como la reducci\u00f3n de incidencias en\nla etapa de funcionamiento, derivados de una mala conceptualizaci\u00f3n estructural\no de errores de implementaci\u00f3n de la normativa vigente y de hacer caso omiso a\nlas recomendaciones de los c\u00f3digos de dise\u00f1o.<\/p>\n\n\n\n<p class=\"has-text-align-center\">Queremos resaltar que nuestros planos de construcci\u00f3n son producidos por profesionales de Ingenier\u00eda Civil con un conocimiento claro de ingenier\u00eda estructural. As\u00ed mismo, la elaboraci\u00f3n de los detalles constructivos es asesorada por especialistas en las \u00e1reas de geotecnia y construcci\u00f3n, lo que nos permite garantizar la facilidad constructiva de nuestros proyectos.<\/p>\n\n\n\n<div style=\"height:20px\" aria-hidden=\"true\" class=\"wp-block-spacer\"><\/div>\n\n\n\n<p style=\"font-size:25px\">  <strong>\u00bfTiene dudas, comentarios o prefiere que un profesional se ponga en contacto con usted?<\/strong> <\/p>\n\n\n\n<p>Por favor ingrese la informaci\u00f3n a continuaci\u00f3n, y en el menor tiempo posible ser\u00e1 contactado por un miembro de nuestra compa\u00f1\u00eda.<\/p>\n\n\n<div class=\"wpforms-container wpforms-container-full\" id=\"wpforms-378\"><form id=\"wpforms-form-378\" class=\"wpforms-validate wpforms-form\" data-formid=\"378\" method=\"post\" enctype=\"multipart\/form-data\" action=\"\/index.php\/wp-json\/wp\/v2\/pages\/48\" data-token=\"7b4fa51533710da973f0ce07ad163d54\"><noscript class=\"wpforms-error-noscript\">Por favor, activa JavaScript en tu navegador para completar este formulario.<\/noscript><div class=\"wpforms-field-container\"><div id=\"wpforms-378-field_1-container\" class=\"wpforms-field wpforms-field-name\" data-field-id=\"1\"><label class=\"wpforms-field-label\" for=\"wpforms-378-field_1\">Nombre <span class=\"wpforms-required-label\">*<\/span><\/label><input type=\"text\" id=\"wpforms-378-field_1\" class=\"wpforms-field-medium wpforms-field-required\" name=\"wpforms[fields][1]\" required><\/div><div id=\"wpforms-378-field_2-container\" class=\"wpforms-field wpforms-field-email\" data-field-id=\"2\"><label class=\"wpforms-field-label\" for=\"wpforms-378-field_2\">Email <span class=\"wpforms-required-label\">*<\/span><\/label><input type=\"email\" id=\"wpforms-378-field_2\" class=\"wpforms-field-medium wpforms-field-required\" name=\"wpforms[fields][2]\" required><\/div><div id=\"wpforms-378-field_6-container\" class=\"wpforms-field wpforms-field-number\" data-field-id=\"6\"><label class=\"wpforms-field-label\" for=\"wpforms-378-field_6\">N\u00famero de Contacto <span class=\"wpforms-required-label\">*<\/span><\/label><input type=\"number\" pattern=\"\\d*\" id=\"wpforms-378-field_6\" class=\"wpforms-field-small wpforms-field-required\" name=\"wpforms[fields][6]\" required><div class=\"wpforms-field-description\">Describa su n\u00famero de tel\u00e9fono celular o fijo<\/div><\/div><div id=\"wpforms-378-field_4-container\" class=\"wpforms-field wpforms-field-textarea\" data-field-id=\"4\"><label class=\"wpforms-field-label\" for=\"wpforms-378-field_4\">Comentarios <span class=\"wpforms-required-label\">*<\/span><\/label><textarea id=\"wpforms-378-field_4\" class=\"wpforms-field-medium wpforms-field-required\" name=\"wpforms[fields][4]\" required><\/textarea><\/div><\/div><div class=\"wpforms-field wpforms-field-hp\"><label for=\"wpforms-378-field-hp\" class=\"wpforms-field-label\">Name<\/label><input type=\"text\" name=\"wpforms[hp]\" id=\"wpforms-378-field-hp\" class=\"wpforms-field-medium\"><\/div><div class=\"wpforms-recaptcha-container wpforms-is-recaptcha\" ><div class=\"g-recaptcha\" data-sitekey=\"6Les1NAUAAAAABOrqNMBc-_o3I7HZXYN21EkjRYM\" data-size=\"invisible\"><\/div><\/div><div class=\"wpforms-submit-container\" ><input type=\"hidden\" name=\"wpforms[id]\" value=\"378\"><input type=\"hidden\" name=\"wpforms[author]\" value=\"1\"><button type=\"submit\" name=\"wpforms[submit]\" class=\"wpforms-submit \" id=\"wpforms-submit-378\" value=\"wpforms-submit\" aria-live=\"assertive\" data-alt-text=\"Enviado...\" data-submit-text=\"Enviar\">Enviar<\/button><\/div><\/form><\/div>  <!-- .wpforms-container -->\n\n<div class=\"custombtn\" style=\"text-align:center\">\t\r\n\t   <a class=\"morebutton\" href=\"https:\/\/montieri.co\/index.php\/servicios\/\" target\"\">Ver m\u00e1s servicios<\/a>\t   \t   \r\n\t<\/div>\n","protected":false},"excerpt":{"rendered":"<p>El proyecto estructural comprende la elaboraci\u00f3n del modelo estructural y los c\u00e1lculos necesarios para establecer las solicitaciones de la estructura, para posteriormente establecer la geometr\u00eda, resistencia y refuerzo necesario de cada elemento, con el fin de contar con estructuras adecuadamente dise\u00f1adas a la medida de nuestros clientes. Los dise\u00f1os de las edificaciones se realizan siguiendo los lineamientos del Reglamento Colombiano de Construcci\u00f3n Sismo Resistente NSR-10, mientras que, para otras estructuras como tanques, plantas de tratamiento, muros de contenci\u00f3n, cubiertas etc. se siguen los lineamientos del AIS y la NSR-10 en aquellas que apliquen, adem\u00e1s de otras normas internacionales. Nuestros Servicios&#8230; <\/p>\n","protected":false},"author":1,"featured_media":0,"parent":42,"menu_order":0,"comment_status":"closed","ping_status":"closed","template":"template-no-sidebar.php","meta":[],"_links":{"self":[{"href":"https:\/\/montieri.co\/index.php\/wp-json\/wp\/v2\/pages\/48"}],"collection":[{"href":"https:\/\/montieri.co\/index.php\/wp-json\/wp\/v2\/pages"}],"about":[{"href":"https:\/\/montieri.co\/index.php\/wp-json\/wp\/v2\/types\/page"}],"author":[{"embeddable":true,"href":"https:\/\/montieri.co\/index.php\/wp-json\/wp\/v2\/users\/1"}],"replies":[{"embeddable":true,"href":"https:\/\/montieri.co\/index.php\/wp-json\/wp\/v2\/comments?post=48"}],"version-history":[{"count":79,"href":"https:\/\/montieri.co\/index.php\/wp-json\/wp\/v2\/pages\/48\/revisions"}],"predecessor-version":[{"id":675,"href":"https:\/\/montieri.co\/index.php\/wp-json\/wp\/v2\/pages\/48\/revisions\/675"}],"up":[{"embeddable":true,"href":"https:\/\/montieri.co\/index.php\/wp-json\/wp\/v2\/pages\/42"}],"wp:attachment":[{"href":"https:\/\/montieri.co\/index.php\/wp-json\/wp\/v2\/media?parent=48"}],"curies":[{"name":"wp","href":"https:\/\/api.w.org\/{rel}","templated":true}]}}