{"id":659,"date":"2021-01-10T18:48:17","date_gmt":"2021-01-10T23:48:17","guid":{"rendered":"https:\/\/montieri.co\/?page_id=659"},"modified":"2021-01-10T18:58:40","modified_gmt":"2021-01-10T23:58:40","slug":"inspeccion-de-puentes","status":"publish","type":"page","link":"https:\/\/montieri.co\/index.php\/servicios\/inspeccion-de-puentes\/","title":{"rendered":"Inspecci\u00f3n de Puentes"},"content":{"rendered":"\n<figure class=\"wp-block-image size-large\"><img loading=\"lazy\" width=\"1024\" height=\"768\" src=\"https:\/\/montieri.co\/wp-content\/uploads\/2021\/01\/P1240392-1024x768.jpg\" alt=\"\" class=\"wp-image-660\" srcset=\"https:\/\/montieri.co\/wp-content\/uploads\/2021\/01\/P1240392-1024x768.jpg 1024w, https:\/\/montieri.co\/wp-content\/uploads\/2021\/01\/P1240392-300x225.jpg 300w, https:\/\/montieri.co\/wp-content\/uploads\/2021\/01\/P1240392-768x576.jpg 768w, https:\/\/montieri.co\/wp-content\/uploads\/2021\/01\/P1240392-1536x1152.jpg 1536w, https:\/\/montieri.co\/wp-content\/uploads\/2021\/01\/P1240392-2048x1536.jpg 2048w\" sizes=\"(max-width: 1024px) 100vw, 1024px\" \/><\/figure>\n\n\n\n<p style=\"font-size:25px\"> <strong>\u00bfTiene dudas, comentarios o prefiere que un profesional se ponga en contacto con usted?<\/strong>  <\/p>\n\n\n\n<p>Por favor ingrese la informaci\u00f3n a continuaci\u00f3n, y en el menor tiempo posible ser\u00e1 contactado por un miembro de nuestra compa\u00f1\u00eda. <\/p>\n\n\n<div class=\"wpforms-container wpforms-container-full\" id=\"wpforms-378\"><form id=\"wpforms-form-378\" class=\"wpforms-validate wpforms-form\" data-formid=\"378\" method=\"post\" enctype=\"multipart\/form-data\" action=\"\/index.php\/wp-json\/wp\/v2\/pages\/659\" data-token=\"817ff9f1a01c659f9ce438d5098a8ad1\"><noscript class=\"wpforms-error-noscript\">Por favor, activa JavaScript en tu navegador para completar este formulario.<\/noscript><div class=\"wpforms-field-container\"><div id=\"wpforms-378-field_1-container\" class=\"wpforms-field wpforms-field-name\" data-field-id=\"1\"><label class=\"wpforms-field-label\" for=\"wpforms-378-field_1\">Nombre <span class=\"wpforms-required-label\">*<\/span><\/label><input type=\"text\" id=\"wpforms-378-field_1\" class=\"wpforms-field-medium wpforms-field-required\" name=\"wpforms[fields][1]\" required><\/div><div id=\"wpforms-378-field_2-container\" class=\"wpforms-field wpforms-field-email\" data-field-id=\"2\"><label class=\"wpforms-field-label\" for=\"wpforms-378-field_2\">Email <span class=\"wpforms-required-label\">*<\/span><\/label><input type=\"email\" id=\"wpforms-378-field_2\" class=\"wpforms-field-medium wpforms-field-required\" name=\"wpforms[fields][2]\" required><\/div><div id=\"wpforms-378-field_6-container\" class=\"wpforms-field wpforms-field-number\" data-field-id=\"6\"><label class=\"wpforms-field-label\" for=\"wpforms-378-field_6\">N\u00famero de Contacto <span class=\"wpforms-required-label\">*<\/span><\/label><input type=\"number\" pattern=\"\\d*\" id=\"wpforms-378-field_6\" class=\"wpforms-field-small wpforms-field-required\" name=\"wpforms[fields][6]\" required><div class=\"wpforms-field-description\">Describa su n\u00famero de tel\u00e9fono celular o fijo<\/div><\/div><div id=\"wpforms-378-field_4-container\" class=\"wpforms-field wpforms-field-textarea\" data-field-id=\"4\"><label class=\"wpforms-field-label\" for=\"wpforms-378-field_4\">Comentarios <span class=\"wpforms-required-label\">*<\/span><\/label><textarea id=\"wpforms-378-field_4\" class=\"wpforms-field-medium wpforms-field-required\" name=\"wpforms[fields][4]\" required><\/textarea><\/div><\/div><div class=\"wpforms-field wpforms-field-hp\"><label for=\"wpforms-378-field-hp\" class=\"wpforms-field-label\">Message<\/label><input type=\"text\" name=\"wpforms[hp]\" id=\"wpforms-378-field-hp\" class=\"wpforms-field-medium\"><\/div><div class=\"wpforms-recaptcha-container wpforms-is-recaptcha\" ><div class=\"g-recaptcha\" data-sitekey=\"6Les1NAUAAAAABOrqNMBc-_o3I7HZXYN21EkjRYM\" data-size=\"invisible\"><\/div><\/div><div class=\"wpforms-submit-container\" ><input type=\"hidden\" name=\"wpforms[id]\" value=\"378\"><input type=\"hidden\" name=\"wpforms[author]\" value=\"1\"><button type=\"submit\" name=\"wpforms[submit]\" class=\"wpforms-submit \" id=\"wpforms-submit-378\" value=\"wpforms-submit\" aria-live=\"assertive\" data-alt-text=\"Enviado...\" data-submit-text=\"Enviar\">Enviar<\/button><\/div><\/form><\/div>  <!-- .wpforms-container -->\n\n<div class=\"custombtn\" style=\"text-align:center\">\t\r\n\t   <a class=\"morebutton\" href=\"https:\/\/montieri.co\/index.php\/servicios\/\" target\"\">Ver m\u00e1s servicios<\/a>\t   \t   \r\n\t<\/div>\n","protected":false},"excerpt":{"rendered":"<p>\u00bfTiene dudas, comentarios o prefiere que un profesional se ponga en contacto con usted? Por favor ingrese la informaci\u00f3n a continuaci\u00f3n, y en el menor tiempo posible ser\u00e1 contactado por un miembro de nuestra compa\u00f1\u00eda.<\/p>\n","protected":false},"author":1,"featured_media":663,"parent":42,"menu_order":0,"comment_status":"closed","ping_status":"closed","template":"template-no-sidebar.php","meta":[],"_links":{"self":[{"href":"https:\/\/montieri.co\/index.php\/wp-json\/wp\/v2\/pages\/659"}],"collection":[{"href":"https:\/\/montieri.co\/index.php\/wp-json\/wp\/v2\/pages"}],"about":[{"href":"https:\/\/montieri.co\/index.php\/wp-json\/wp\/v2\/types\/page"}],"author":[{"embeddable":true,"href":"https:\/\/montieri.co\/index.php\/wp-json\/wp\/v2\/users\/1"}],"replies":[{"embeddable":true,"href":"https:\/\/montieri.co\/index.php\/wp-json\/wp\/v2\/comments?post=659"}],"version-history":[{"count":3,"href":"https:\/\/montieri.co\/index.php\/wp-json\/wp\/v2\/pages\/659\/revisions"}],"predecessor-version":[{"id":665,"href":"https:\/\/montieri.co\/index.php\/wp-json\/wp\/v2\/pages\/659\/revisions\/665"}],"up":[{"embeddable":true,"href":"https:\/\/montieri.co\/index.php\/wp-json\/wp\/v2\/pages\/42"}],"wp:featuredmedia":[{"embeddable":true,"href":"https:\/\/montieri.co\/index.php\/wp-json\/wp\/v2\/media\/663"}],"wp:attachment":[{"href":"https:\/\/montieri.co\/index.php\/wp-json\/wp\/v2\/media?parent=659"}],"curies":[{"name":"wp","href":"https:\/\/api.w.org\/{rel}","templated":true}]}}