{"id":676,"date":"2023-02-28T11:04:17","date_gmt":"2023-02-28T16:04:17","guid":{"rendered":"https:\/\/montieri.co\/?page_id=676"},"modified":"2023-02-28T11:40:13","modified_gmt":"2023-02-28T16:40:13","slug":"conceptos-tecnicos","status":"publish","type":"page","link":"https:\/\/montieri.co\/index.php\/conceptos-tecnicos\/","title":{"rendered":"Conceptos T\u00e9cnicos"},"content":{"rendered":"\n<p>Emitimos conceptos t\u00e9cnicos sobre toda clase de estructuras, bien sea edificaciones, puentes, tanques, plantas de tratamiento, muros, entre otros, los cuales manifiesten alguna se\u00f1al de anomal\u00eda, bien sea por una inadecuada pr\u00e1ctica constructiva o por una equivocada concepci\u00f3n en el dise\u00f1o.<\/p>\n\n\n\n<p>Estos conceptos normalmente hacen parte de procesos de demanda ante la justicia ordinaria o ante tribunales de arbitramento, sobre los cuales realizamos la defensa conforme los resultados del dictamen.<\/p>\n\n\n\n<p>Hemos participado en la evaluaci\u00f3n de proyectos p\u00fablicos y privados en los que hemos demostrado incumplimientos al Reglamento de Construcci\u00f3n Sismo Resistente, as\u00ed como falencias en la estabilidad y durabilidad de las estructuras, entre otras, e inadecuadas pr\u00e1cticas constructivas que han incidido en el da\u00f1o propio y a edificaciones vecinas.<\/p>\n\n\n\n<p>Nuestros clientes principales en este servicio son la Sociedad Colombiana de Ingenieros y diferentes bufetes de abogados reconocidos en el pa\u00eds; no obstante, las personas naturales pueden solicitar estos conceptos de manera previa, con el fin de identificar la necesidad de avanzar en procesos legales. <\/p>\n\n\n\n<p style=\"font-size:25px\"> <strong>\u00bfTiene dudas, comentarios o prefiere que un profesional se ponga en contacto con usted?<\/strong><\/p>\n\n\n\n<p> Por favor ingrese la informaci\u00f3n a continuaci\u00f3n, y en el menor tiempo posible ser\u00e1 contactado por un profesional de nuestra compa\u00f1\u00eda. <\/p>\n\n\n<div class=\"wpforms-container wpforms-container-full\" id=\"wpforms-378\"><form id=\"wpforms-form-378\" class=\"wpforms-validate wpforms-form\" data-formid=\"378\" method=\"post\" enctype=\"multipart\/form-data\" action=\"\/index.php\/wp-json\/wp\/v2\/pages\/676\" data-token=\"3775ba3867bb9291f93ccf75aa1fbb34\"><noscript class=\"wpforms-error-noscript\">Por favor, activa JavaScript en tu navegador para completar este formulario.<\/noscript><div class=\"wpforms-field-container\"><div id=\"wpforms-378-field_1-container\" class=\"wpforms-field wpforms-field-name\" data-field-id=\"1\"><label class=\"wpforms-field-label\" for=\"wpforms-378-field_1\">Nombre <span class=\"wpforms-required-label\">*<\/span><\/label><input type=\"text\" id=\"wpforms-378-field_1\" class=\"wpforms-field-medium wpforms-field-required\" name=\"wpforms[fields][1]\" required><\/div><div id=\"wpforms-378-field_2-container\" class=\"wpforms-field wpforms-field-email\" data-field-id=\"2\"><label class=\"wpforms-field-label\" for=\"wpforms-378-field_2\">Email <span class=\"wpforms-required-label\">*<\/span><\/label><input type=\"email\" id=\"wpforms-378-field_2\" class=\"wpforms-field-medium wpforms-field-required\" name=\"wpforms[fields][2]\" required><\/div><div id=\"wpforms-378-field_6-container\" class=\"wpforms-field wpforms-field-number\" data-field-id=\"6\"><label class=\"wpforms-field-label\" for=\"wpforms-378-field_6\">N\u00famero de Contacto <span class=\"wpforms-required-label\">*<\/span><\/label><input type=\"number\" pattern=\"\\d*\" id=\"wpforms-378-field_6\" class=\"wpforms-field-small wpforms-field-required\" name=\"wpforms[fields][6]\" required><div class=\"wpforms-field-description\">Describa su n\u00famero de tel\u00e9fono celular o fijo<\/div><\/div><div id=\"wpforms-378-field_4-container\" class=\"wpforms-field wpforms-field-textarea\" data-field-id=\"4\"><label class=\"wpforms-field-label\" for=\"wpforms-378-field_4\">Comentarios <span class=\"wpforms-required-label\">*<\/span><\/label><textarea id=\"wpforms-378-field_4\" class=\"wpforms-field-medium wpforms-field-required\" name=\"wpforms[fields][4]\" required><\/textarea><\/div><\/div><div class=\"wpforms-field wpforms-field-hp\"><label for=\"wpforms-378-field-hp\" class=\"wpforms-field-label\">Comment<\/label><input type=\"text\" name=\"wpforms[hp]\" id=\"wpforms-378-field-hp\" class=\"wpforms-field-medium\"><\/div><div class=\"wpforms-recaptcha-container wpforms-is-recaptcha\" ><div class=\"g-recaptcha\" data-sitekey=\"6Les1NAUAAAAABOrqNMBc-_o3I7HZXYN21EkjRYM\" data-size=\"invisible\"><\/div><\/div><div class=\"wpforms-submit-container\" ><input type=\"hidden\" name=\"wpforms[id]\" value=\"378\"><input type=\"hidden\" name=\"wpforms[author]\" value=\"1\"><button type=\"submit\" name=\"wpforms[submit]\" class=\"wpforms-submit \" id=\"wpforms-submit-378\" value=\"wpforms-submit\" aria-live=\"assertive\" data-alt-text=\"Enviado...\" data-submit-text=\"Enviar\">Enviar<\/button><\/div><\/form><\/div>  <!-- .wpforms-container -->\n\n<div class=\"custombtn\" style=\"text-align:center\">\t\r\n\t   <a class=\"morebutton\" href=\"https:\/\/montieri.co\/index.php\/servicios\/\" target\"\">Ver m\u00e1s servicios<\/a>\t   \t   \r\n\t<\/div>\n","protected":false},"excerpt":{"rendered":"<p>Emitimos conceptos t\u00e9cnicos sobre toda clase de estructuras, bien sea edificaciones, puentes, tanques, plantas de tratamiento, muros, entre otros, los cuales manifiesten alguna se\u00f1al de anomal\u00eda, bien sea por una inadecuada pr\u00e1ctica constructiva o por una equivocada concepci\u00f3n en el dise\u00f1o. Estos conceptos normalmente hacen parte de procesos de demanda ante la justicia ordinaria o ante tribunales de arbitramento, sobre los cuales realizamos la defensa conforme los resultados del dictamen. Hemos participado en la evaluaci\u00f3n de proyectos p\u00fablicos y privados en los que hemos demostrado incumplimientos al Reglamento de Construcci\u00f3n Sismo Resistente, as\u00ed como falencias en la estabilidad y durabilidad&#8230; <\/p>\n","protected":false},"author":1,"featured_media":0,"parent":0,"menu_order":0,"comment_status":"closed","ping_status":"closed","template":"","meta":[],"_links":{"self":[{"href":"https:\/\/montieri.co\/index.php\/wp-json\/wp\/v2\/pages\/676"}],"collection":[{"href":"https:\/\/montieri.co\/index.php\/wp-json\/wp\/v2\/pages"}],"about":[{"href":"https:\/\/montieri.co\/index.php\/wp-json\/wp\/v2\/types\/page"}],"author":[{"embeddable":true,"href":"https:\/\/montieri.co\/index.php\/wp-json\/wp\/v2\/users\/1"}],"replies":[{"embeddable":true,"href":"https:\/\/montieri.co\/index.php\/wp-json\/wp\/v2\/comments?post=676"}],"version-history":[{"count":9,"href":"https:\/\/montieri.co\/index.php\/wp-json\/wp\/v2\/pages\/676\/revisions"}],"predecessor-version":[{"id":688,"href":"https:\/\/montieri.co\/index.php\/wp-json\/wp\/v2\/pages\/676\/revisions\/688"}],"wp:attachment":[{"href":"https:\/\/montieri.co\/index.php\/wp-json\/wp\/v2\/media?parent=676"}],"curies":[{"name":"wp","href":"https:\/\/api.w.org\/{rel}","templated":true}]}}