{"id":87,"date":"2020-01-15T03:20:06","date_gmt":"2020-01-15T03:20:06","guid":{"rendered":"https:\/\/montieri.co\/?page_id=87"},"modified":"2020-01-25T21:42:12","modified_gmt":"2020-01-26T02:42:12","slug":"interventoria","status":"publish","type":"page","link":"https:\/\/montieri.co\/index.php\/interventoria\/","title":{"rendered":"Interventor\u00eda"},"content":{"rendered":"\n<p class=\"has-text-align-center\">Acompa\u00f1amos y representamos a nuestros clientes en la gesti\u00f3n administrativa, t\u00e9cnica, financiera, legal, ambiental, social y en salud y seguridad en el trabajo durante todas las etapas de sus proyectos. <\/p>\n\n\n\n<p class=\"has-text-align-center\">Eso incluye la revisi\u00f3n de la conformidad de los estudios y dise\u00f1os,\u00a0 el control de calidad de los materiales y obra construida, el seguimiento del cronograma, la supervisi\u00f3n en los planes de manejo ambiental, social\u00a0 y de transito\u00a0en la zona de los trabajos durante la construcci\u00f3n. As\u00ed mismo, el seguimiento y control contractual y financiero de recursos, flujo de inversiones seg\u00fan las pol\u00edticas del Cliente.<\/p>\n\n\n\n<figure class=\"wp-block-image size-large\"><img loading=\"lazy\" width=\"1000\" height=\"662\" src=\"https:\/\/montieri.co\/wp-content\/uploads\/2020\/01\/image-12-1.png\" alt=\"\" class=\"wp-image-499\" srcset=\"https:\/\/montieri.co\/wp-content\/uploads\/2020\/01\/image-12-1.png 1000w, https:\/\/montieri.co\/wp-content\/uploads\/2020\/01\/image-12-1-300x199.png 300w, https:\/\/montieri.co\/wp-content\/uploads\/2020\/01\/image-12-1-768x508.png 768w\" sizes=\"(max-width: 1000px) 100vw, 1000px\" \/><\/figure>\n\n\n\n<p class=\"has-text-align-center\">Realizamos interventor\u00edas para proyectos de estudios, dise\u00f1os y obra de edificaciones e infraestructura vial e hidr\u00e1ulica. <\/p>\n\n\n\n<div style=\"height:20px\" aria-hidden=\"true\" class=\"wp-block-spacer\"><\/div>\n\n\n\n<p style=\"font-size:25px\"><strong>\u00bfTiene dudas, comentarios o prefiere que un profesional se ponga en contacto con usted?<\/strong> <\/p>\n\n\n\n<p>Por favor ingrese la informaci\u00f3n a continuaci\u00f3n, y en el menor tiempo posible ser\u00e1 contactado por un miembro de nuestra compa\u00f1\u00eda.  <\/p>\n\n\n<div class=\"wpforms-container wpforms-container-full\" id=\"wpforms-378\"><form id=\"wpforms-form-378\" class=\"wpforms-validate wpforms-form\" data-formid=\"378\" method=\"post\" enctype=\"multipart\/form-data\" action=\"\/index.php\/wp-json\/wp\/v2\/pages\/87\" data-token=\"7b4fa51533710da973f0ce07ad163d54\"><noscript class=\"wpforms-error-noscript\">Por favor, activa JavaScript en tu navegador para completar este formulario.<\/noscript><div class=\"wpforms-field-container\"><div id=\"wpforms-378-field_1-container\" class=\"wpforms-field wpforms-field-name\" data-field-id=\"1\"><label class=\"wpforms-field-label\" for=\"wpforms-378-field_1\">Nombre <span class=\"wpforms-required-label\">*<\/span><\/label><input type=\"text\" id=\"wpforms-378-field_1\" class=\"wpforms-field-medium wpforms-field-required\" name=\"wpforms[fields][1]\" required><\/div><div id=\"wpforms-378-field_2-container\" class=\"wpforms-field wpforms-field-email\" data-field-id=\"2\"><label class=\"wpforms-field-label\" for=\"wpforms-378-field_2\">Email <span class=\"wpforms-required-label\">*<\/span><\/label><input type=\"email\" id=\"wpforms-378-field_2\" class=\"wpforms-field-medium wpforms-field-required\" name=\"wpforms[fields][2]\" required><\/div><div id=\"wpforms-378-field_6-container\" class=\"wpforms-field wpforms-field-number\" data-field-id=\"6\"><label class=\"wpforms-field-label\" for=\"wpforms-378-field_6\">N\u00famero de Contacto <span class=\"wpforms-required-label\">*<\/span><\/label><input type=\"number\" pattern=\"\\d*\" id=\"wpforms-378-field_6\" class=\"wpforms-field-small wpforms-field-required\" name=\"wpforms[fields][6]\" required><div class=\"wpforms-field-description\">Describa su n\u00famero de tel\u00e9fono celular o fijo<\/div><\/div><div id=\"wpforms-378-field_4-container\" class=\"wpforms-field wpforms-field-textarea\" data-field-id=\"4\"><label class=\"wpforms-field-label\" for=\"wpforms-378-field_4\">Comentarios <span class=\"wpforms-required-label\">*<\/span><\/label><textarea id=\"wpforms-378-field_4\" class=\"wpforms-field-medium wpforms-field-required\" name=\"wpforms[fields][4]\" required><\/textarea><\/div><\/div><div class=\"wpforms-field wpforms-field-hp\"><label for=\"wpforms-378-field-hp\" class=\"wpforms-field-label\">Website<\/label><input type=\"text\" name=\"wpforms[hp]\" id=\"wpforms-378-field-hp\" class=\"wpforms-field-medium\"><\/div><div class=\"wpforms-recaptcha-container wpforms-is-recaptcha\" ><div class=\"g-recaptcha\" data-sitekey=\"6Les1NAUAAAAABOrqNMBc-_o3I7HZXYN21EkjRYM\" data-size=\"invisible\"><\/div><\/div><div class=\"wpforms-submit-container\" ><input type=\"hidden\" name=\"wpforms[id]\" value=\"378\"><input type=\"hidden\" name=\"wpforms[author]\" value=\"1\"><button type=\"submit\" name=\"wpforms[submit]\" class=\"wpforms-submit \" id=\"wpforms-submit-378\" value=\"wpforms-submit\" aria-live=\"assertive\" data-alt-text=\"Enviado...\" data-submit-text=\"Enviar\">Enviar<\/button><\/div><\/form><\/div>  <!-- .wpforms-container -->\n\n<div class=\"custombtn\" style=\"text-align:center\">\t\r\n\t   <a class=\"morebutton\" href=\"https:\/\/montieri.co\/index.php\/servicios\/\" target\"\">Ver m\u00e1s servicios<\/a>\t   \t   \r\n\t<\/div>\n","protected":false},"excerpt":{"rendered":"<p>Acompa\u00f1amos y representamos a nuestros clientes en la gesti\u00f3n administrativa, t\u00e9cnica, financiera, legal, ambiental, social y en salud y seguridad en el trabajo durante todas las etapas de sus proyectos. Eso incluye la revisi\u00f3n de la conformidad de los estudios y dise\u00f1os,\u00a0 el control de calidad de los materiales y obra construida, el seguimiento del cronograma, la supervisi\u00f3n en los planes de manejo ambiental, social\u00a0 y de transito\u00a0en la zona de los trabajos durante la construcci\u00f3n. As\u00ed mismo, el seguimiento y control contractual y financiero de recursos, flujo de inversiones seg\u00fan las pol\u00edticas del Cliente. Realizamos interventor\u00edas para proyectos de&#8230; <\/p>\n","protected":false},"author":1,"featured_media":0,"parent":0,"menu_order":0,"comment_status":"closed","ping_status":"closed","template":"template-no-sidebar.php","meta":[],"_links":{"self":[{"href":"https:\/\/montieri.co\/index.php\/wp-json\/wp\/v2\/pages\/87"}],"collection":[{"href":"https:\/\/montieri.co\/index.php\/wp-json\/wp\/v2\/pages"}],"about":[{"href":"https:\/\/montieri.co\/index.php\/wp-json\/wp\/v2\/types\/page"}],"author":[{"embeddable":true,"href":"https:\/\/montieri.co\/index.php\/wp-json\/wp\/v2\/users\/1"}],"replies":[{"embeddable":true,"href":"https:\/\/montieri.co\/index.php\/wp-json\/wp\/v2\/comments?post=87"}],"version-history":[{"count":4,"href":"https:\/\/montieri.co\/index.php\/wp-json\/wp\/v2\/pages\/87\/revisions"}],"predecessor-version":[{"id":503,"href":"https:\/\/montieri.co\/index.php\/wp-json\/wp\/v2\/pages\/87\/revisions\/503"}],"wp:attachment":[{"href":"https:\/\/montieri.co\/index.php\/wp-json\/wp\/v2\/media?parent=87"}],"curies":[{"name":"wp","href":"https:\/\/api.w.org\/{rel}","templated":true}]}}