{"id":88,"date":"2020-01-15T03:20:06","date_gmt":"2020-01-15T03:20:06","guid":{"rendered":"https:\/\/montieri.co\/?page_id=88"},"modified":"2020-01-25T20:47:26","modified_gmt":"2020-01-26T01:47:26","slug":"construccion-de-obra","status":"publish","type":"page","link":"https:\/\/montieri.co\/index.php\/construccion-de-obra\/","title":{"rendered":"Construcci\u00f3n de Obras"},"content":{"rendered":"\n<p>Los proyectos de construcci\u00f3n de obra civil comprenden el planeamiento y direcci\u00f3n de las labores de construcci\u00f3n de obra, cumpliendo los requisitos de los Reglamentos y las especificaciones contenidas en los planos del proyecto. <\/p>\n\n\n\n<p>El alcance de los proyectos que realiza Montieri S.A.S. incluyen la compra, almacenamiento, distribuci\u00f3n y cuidado de los materiales, suministro y transporte de equipos y maquinaria, contrataci\u00f3n de personal y ejecuci\u00f3n de la obra, adem\u00e1s de la coordinaci\u00f3n y direcci\u00f3n dirigida por Ingenieros y arquitectos lo cual garantiza un \u00f3ptimo seguimiento del proceso constructivo y por ende, calidad en los resultados.<\/p>\n\n\n\n<p>Construimos obras de edificaciones verticales, infraestructura vial y urbanismo.<\/p>\n\n\n\n<div class=\"wp-block-image\"><figure class=\"aligncenter size-large is-resized\"><img loading=\"lazy\" src=\"https:\/\/montieri.co\/wp-content\/uploads\/2020\/01\/image-10.png\" alt=\"\" class=\"wp-image-490\" width=\"641\" height=\"577\" srcset=\"https:\/\/montieri.co\/wp-content\/uploads\/2020\/01\/image-10.png 390w, https:\/\/montieri.co\/wp-content\/uploads\/2020\/01\/image-10-300x270.png 300w\" sizes=\"(max-width: 641px) 100vw, 641px\" \/><\/figure><\/div>\n\n\n\n<div style=\"height:20px\" aria-hidden=\"true\" class=\"wp-block-spacer\"><\/div>\n\n\n\n<p style=\"font-size:25px\"> <strong>\u00bfTiene dudas, comentarios o prefiere que un profesional se ponga en contacto con usted?<\/strong><\/p>\n\n\n\n<p> Por favor ingrese la informaci\u00f3n a continuaci\u00f3n, y en el menor tiempo posible ser\u00e1 contactado por un profesional de nuestra compa\u00f1\u00eda. <\/p>\n\n\n<div class=\"wpforms-container wpforms-container-full\" id=\"wpforms-378\"><form id=\"wpforms-form-378\" class=\"wpforms-validate wpforms-form\" data-formid=\"378\" method=\"post\" enctype=\"multipart\/form-data\" action=\"\/index.php\/wp-json\/wp\/v2\/pages\/88\" data-token=\"817ff9f1a01c659f9ce438d5098a8ad1\"><noscript class=\"wpforms-error-noscript\">Por favor, activa JavaScript en tu navegador para completar este formulario.<\/noscript><div class=\"wpforms-field-container\"><div id=\"wpforms-378-field_1-container\" class=\"wpforms-field wpforms-field-name\" data-field-id=\"1\"><label class=\"wpforms-field-label\" for=\"wpforms-378-field_1\">Nombre <span class=\"wpforms-required-label\">*<\/span><\/label><input type=\"text\" id=\"wpforms-378-field_1\" class=\"wpforms-field-medium wpforms-field-required\" name=\"wpforms[fields][1]\" required><\/div><div id=\"wpforms-378-field_2-container\" class=\"wpforms-field wpforms-field-email\" data-field-id=\"2\"><label class=\"wpforms-field-label\" for=\"wpforms-378-field_2\">Email <span class=\"wpforms-required-label\">*<\/span><\/label><input type=\"email\" id=\"wpforms-378-field_2\" class=\"wpforms-field-medium wpforms-field-required\" name=\"wpforms[fields][2]\" required><\/div><div id=\"wpforms-378-field_6-container\" class=\"wpforms-field wpforms-field-number\" data-field-id=\"6\"><label class=\"wpforms-field-label\" for=\"wpforms-378-field_6\">N\u00famero de Contacto <span class=\"wpforms-required-label\">*<\/span><\/label><input type=\"number\" pattern=\"\\d*\" id=\"wpforms-378-field_6\" class=\"wpforms-field-small wpforms-field-required\" name=\"wpforms[fields][6]\" required><div class=\"wpforms-field-description\">Describa su n\u00famero de tel\u00e9fono celular o fijo<\/div><\/div><div id=\"wpforms-378-field_4-container\" class=\"wpforms-field wpforms-field-textarea\" data-field-id=\"4\"><label class=\"wpforms-field-label\" for=\"wpforms-378-field_4\">Comentarios <span class=\"wpforms-required-label\">*<\/span><\/label><textarea id=\"wpforms-378-field_4\" class=\"wpforms-field-medium wpforms-field-required\" name=\"wpforms[fields][4]\" required><\/textarea><\/div><\/div><div class=\"wpforms-field wpforms-field-hp\"><label for=\"wpforms-378-field-hp\" class=\"wpforms-field-label\">Website<\/label><input type=\"text\" name=\"wpforms[hp]\" id=\"wpforms-378-field-hp\" class=\"wpforms-field-medium\"><\/div><div class=\"wpforms-recaptcha-container wpforms-is-recaptcha\" ><div class=\"g-recaptcha\" data-sitekey=\"6Les1NAUAAAAABOrqNMBc-_o3I7HZXYN21EkjRYM\" data-size=\"invisible\"><\/div><\/div><div class=\"wpforms-submit-container\" ><input type=\"hidden\" name=\"wpforms[id]\" value=\"378\"><input type=\"hidden\" name=\"wpforms[author]\" value=\"1\"><button type=\"submit\" name=\"wpforms[submit]\" class=\"wpforms-submit \" id=\"wpforms-submit-378\" value=\"wpforms-submit\" aria-live=\"assertive\" data-alt-text=\"Enviado...\" data-submit-text=\"Enviar\">Enviar<\/button><\/div><\/form><\/div>  <!-- .wpforms-container -->\n\n<div class=\"custombtn\" style=\"text-align:center\">\t\r\n\t   <a class=\"morebutton\" href=\"https:\/\/montieri.co\/index.php\/servicios\/\" target\"\">Ver m\u00e1s servicios<\/a>\t   \t   \r\n\t<\/div>\n","protected":false},"excerpt":{"rendered":"<p>Los proyectos de construcci\u00f3n de obra civil comprenden el planeamiento y direcci\u00f3n de las labores de construcci\u00f3n de obra, cumpliendo los requisitos de los Reglamentos y las especificaciones contenidas en los planos del proyecto. El alcance de los proyectos que realiza Montieri S.A.S. incluyen la compra, almacenamiento, distribuci\u00f3n y cuidado de los materiales, suministro y transporte de equipos y maquinaria, contrataci\u00f3n de personal y ejecuci\u00f3n de la obra, adem\u00e1s de la coordinaci\u00f3n y direcci\u00f3n dirigida por Ingenieros y arquitectos lo cual garantiza un \u00f3ptimo seguimiento del proceso constructivo y por ende, calidad en los resultados. Construimos obras de edificaciones verticales,&#8230; <\/p>\n","protected":false},"author":1,"featured_media":0,"parent":0,"menu_order":0,"comment_status":"closed","ping_status":"closed","template":"template-no-sidebar.php","meta":[],"_links":{"self":[{"href":"https:\/\/montieri.co\/index.php\/wp-json\/wp\/v2\/pages\/88"}],"collection":[{"href":"https:\/\/montieri.co\/index.php\/wp-json\/wp\/v2\/pages"}],"about":[{"href":"https:\/\/montieri.co\/index.php\/wp-json\/wp\/v2\/types\/page"}],"author":[{"embeddable":true,"href":"https:\/\/montieri.co\/index.php\/wp-json\/wp\/v2\/users\/1"}],"replies":[{"embeddable":true,"href":"https:\/\/montieri.co\/index.php\/wp-json\/wp\/v2\/comments?post=88"}],"version-history":[{"count":9,"href":"https:\/\/montieri.co\/index.php\/wp-json\/wp\/v2\/pages\/88\/revisions"}],"predecessor-version":[{"id":492,"href":"https:\/\/montieri.co\/index.php\/wp-json\/wp\/v2\/pages\/88\/revisions\/492"}],"wp:attachment":[{"href":"https:\/\/montieri.co\/index.php\/wp-json\/wp\/v2\/media?parent=88"}],"curies":[{"name":"wp","href":"https:\/\/api.w.org\/{rel}","templated":true}]}}